{"id":32,"date":"2017-11-01T23:34:00","date_gmt":"2017-11-01T22:34:00","guid":{"rendered":"http:\/\/www.chambresdhotes-lamalartrie.com\/?page_id=32"},"modified":"2026-03-15T23:33:45","modified_gmt":"2026-03-15T22:33:45","slug":"contact","status":"publish","type":"page","link":"http:\/\/www.chambresdhotes-lamalartrie.com\/en\/contact\/","title":{"rendered":"Contact"},"content":{"rendered":"\n<style type=\"text\/css\" data-created_by=\"avia_inline_auto\" id=\"style-css-av-mmsb7qkk-a17c8e5264fc46bf50908c48d853e50e\">\n.avia-section.av-mmsb7qkk-a17c8e5264fc46bf50908c48d853e50e .av-parallax .av-parallax-inner{\nbackground-repeat:no-repeat;\nbackground-image:url(http:\/\/www.chambresdhotes-lamalartrie.com\/wp-content\/uploads\/2017\/11\/parc-10.jpg);\nbackground-position:50% 50%;\nbackground-attachment:scroll;\n}\n.avia-section.av-mmsb7qkk-a17c8e5264fc46bf50908c48d853e50e .av-section-color-overlay{\nopacity:0.3;\nbackground-color:#000000;\n}\n<\/style>\n<div id='av_section_1'  class='avia-section av-mmsb7qkk-a17c8e5264fc46bf50908c48d853e50e main_color avia-section-default avia-no-border-styling  avia-builder-el-0  el_before_av_one_half  avia-builder-el-first  av-parallax-section avia-bg-style-parallax av-section-color-overlay-active av-minimum-height av-minimum-height-100 av-height-100  container_wrap fullsize'  data-section-bg-repeat='no-repeat' data-av_minimum_height_pc='100' data-av_min_height_opt='100'><div class='av-parallax' data-avia-parallax-ratio='0.3' ><div class='av-parallax-inner main_color avia-full-stretch'><\/div><\/div><div class=\"av-section-color-overlay-wrap\"><div class=\"av-section-color-overlay\"><\/div><a href='#next-section' title='' class='scroll-down-link  avia-svg-icon avia-font-svg_entypo-fontello' data-av_svg_icon='down-open-mini' data-av_iconset='svg_entypo-fontello'><svg version=\"1.1\" xmlns=\"http:\/\/www.w3.org\/2000\/svg\" width=\"15\" height=\"32\" viewBox=\"0 0 15 32\" preserveAspectRatio=\"xMidYMid meet\" aria-labelledby='av-svg-title-1' aria-describedby='av-svg-desc-1' role=\"graphics-symbol\" aria-hidden=\"true\">\n<title id='av-svg-title-1'>Scroll to next section<\/title>\n<desc id='av-svg-desc-1'>Scroll to next section<\/desc>\n<path d=\"M12.96 12.16q0.704-0.832 1.536 0 0.832 0.704 0 1.536l-6.272 6.144q-0.704 0.704-1.536 0l-6.272-6.144q-0.832-0.832 0-1.536 0.768-0.768 1.6 0l5.44 4.992z\"><\/path>\n<\/svg><\/a><div class='container av-section-cont-open' ><main  role=\"main\" itemprop=\"mainContentOfPage\"  class='template-page content  av-content-full alpha units'><div class='post-entry post-entry-type-page post-entry-32'><div class='entry-content-wrapper clearfix'>\n\n<style type=\"text\/css\" data-created_by=\"avia_inline_auto\" id=\"style-css-av-mmsb6o5g-226b386b084e5990261cc96dcfd521e6\">\n#top .av-rotator-container.av-mmsb6o5g-226b386b084e5990261cc96dcfd521e6{\ntext-align:center;\ncolor:#e8daa2;\n}\n#top #wrap_all .av-rotator-container.av-mmsb6o5g-226b386b084e5990261cc96dcfd521e6 .av-rotator-container-inner{\nfont-size:3.5vw;\n}\n\n@media only screen and (min-width: 990px){ \n#top #wrap_all .av-rotator-container.av-mmsb6o5g-226b386b084e5990261cc96dcfd521e6 .av-rotator-container-inner{\nfont-size:3.5vw;\n}\n}\n\n@media only screen and (min-width: 768px) and (max-width: 989px){ \n#top #wrap_all .av-rotator-container.av-mmsb6o5g-226b386b084e5990261cc96dcfd521e6 .av-rotator-container-inner{\nfont-size:40px;\n}\n}\n\n@media only screen and (min-width: 480px) and (max-width: 767px){ \n#top #wrap_all .av-rotator-container.av-mmsb6o5g-226b386b084e5990261cc96dcfd521e6 .av-rotator-container-inner{\nfont-size:40px;\n}\n}\n\n@media only screen and (max-width: 479px){ \n#top #wrap_all .av-rotator-container.av-mmsb6o5g-226b386b084e5990261cc96dcfd521e6 .av-rotator-container-inner{\nfont-size:40px;\n}\n}\n<\/style>\n<div  class='av-rotator-container av-rotation-container-center av-mmsb6o5g-226b386b084e5990261cc96dcfd521e6  avia-builder-el-1  avia-builder-el-no-sibling  slogan av-fixed-rotator-width' data-interval='4' data-animation='1' data-fixWidth='1'><h2 class='av-rotator-container-inner'>Nous contacter<span class='av-rotator-text av-rotator-multiline-on'><\/span><\/h2><\/div>\n<\/div><\/div><\/main><!-- close content main element --><\/div><\/div><\/div><div id='after_section_1'  class='main_color av_default_container_wrap container_wrap fullsize'  ><div class='container av-section-cont-open' ><div class='template-page content  av-content-full alpha units'><div class='post-entry post-entry-type-page post-entry-32'><div class='entry-content-wrapper clearfix'>\n\n<style type=\"text\/css\" data-created_by=\"avia_inline_auto\" id=\"style-css-av-acs8o-87734c3a37b595bbd8b4fc4dabcccb33\">\n.flex_column.av-acs8o-87734c3a37b595bbd8b4fc4dabcccb33{\nborder-radius:0px 0px 0px 0px;\npadding:0px 0px 0px 0px;\n}\n<\/style>\n<div  class='flex_column av-acs8o-87734c3a37b595bbd8b4fc4dabcccb33 av_one_half  avia-builder-el-2  el_after_av_section  el_before_av_one_half  avia-builder-el-first  first flex_column_div av-zero-column-padding  '     ><p>\n<style type=\"text\/css\" data-created_by=\"avia_inline_auto\" id=\"style-css-av-9zxnw-993ecadf55788080a117b74f5e73c8f3\">\n#top .av-special-heading.av-9zxnw-993ecadf55788080a117b74f5e73c8f3{\npadding-bottom:20px;\n}\nbody .av-special-heading.av-9zxnw-993ecadf55788080a117b74f5e73c8f3 .av-special-heading-tag .heading-char{\nfont-size:25px;\n}\n.av-special-heading.av-9zxnw-993ecadf55788080a117b74f5e73c8f3 .av-subheading{\nfont-size:15px;\n}\n<\/style>\n<div  class='av-special-heading av-9zxnw-993ecadf55788080a117b74f5e73c8f3 av-special-heading-h4 blockquote modern-quote  avia-builder-el-3  el_before_av_textblock  avia-builder-el-first '><h4 class='av-special-heading-tag '  itemprop=\"headline\"  >Nos coordonn\u00e9es<\/h4><div class=\"special-heading-border\"><div class=\"special-heading-inner-border\"><\/div><\/div><\/div><br \/>\n<section  class='av_textblock_section av-9cxyo-d8da414316355ff84269f99ac38e5ea3 '   itemscope=\"itemscope\" itemtype=\"https:\/\/schema.org\/CreativeWork\" ><div class='avia_textblock'  itemprop=\"text\" ><p>Ouafaa DIEBOLT-BALBAL<strong><br \/>\nManoir de la Malartrie<\/strong><\/p>\n<p>24220 V\u00c9ZAC<\/p>\n<p>T\u00e9l\u00e9phone\u00a0 : 05 53 29 03 51<br \/>\nMobile : <a href=\"tel:06 18 61 61 18\">06 18 61 61 18<\/a><\/p>\n<p>Email : <a href=\"mailto:lamalartrie@orange.fr\">lamalartrie@orange.fr<\/a><\/p>\n<\/div><\/section><br \/>\n<div id='avia-leaflet-map-1' class='av_leaflet_sc_main_wrap av-mmsaxxeb-79fdd799d6bc792dec8cd42c9635a128 av_leaflet_main_wrap'><div class='avia-leaflet-map-container avia-leaflet-map-sc'><div class=\"leaflet-map WPLeafletMap\" style=\"height:400px; width:100%;\"><\/div><script>\nwindow.WPLeafletMapPlugin = window.WPLeafletMapPlugin || [];\nwindow.WPLeafletMapPlugin.push(function WPLeafletMapShortcode() {\/*<script>*\/\nvar baseUrl = atob('aHR0cHM6Ly90aWxlLm9wZW5zdHJlZXRtYXAub3JnL3t6fS97eH0ve3l9LnBuZw==');\nvar base = (!baseUrl && window.MQ) ?\n    window.MQ.mapLayer() : L.tileLayer(baseUrl,\n        L.Util.extend({}, {\n            detectRetina: 0,\n        },\n        {\"subdomains\":\"abc\",\"noWrap\":false,\"maxZoom\":20}        )\n    );\n    var options = L.Util.extend({}, {\n        layers: [base],\n        attributionControl: false\n    },\n    {\"closePopupOnClick\":true,\"dragging\":true,\"keyboard\":true,\"tap\":false,\"zoomControl\":true,\"scrollWheelZoom\":false,\"doubleClickZoom\":false,\"fitBounds\":false,\"minZoom\":0,\"maxZoom\":20,\"maxBounds\":null,\"attribution\":\"<a href=\\\"http:\\\/\\\/leafletjs.com\\\" title=\\\"Une biblioth\\u00e8que JS pour des cartes interactives\\\">Leaflet<\\\/a>; \\u00a9 <a href=\\\"http:\\\/\\\/www.openstreetmap.org\\\/copyright\\\">OpenStreetMap<\\\/a> contributeurs\\\/contributrices\"},\n    {});\nwindow.WPLeafletMapPlugin.createMap(options).setView([44.82557,1.17477],12);window.WPLeafletMapPlugin.createScale({});});<\/script><script>\nwindow.WPLeafletMapPlugin = window.WPLeafletMapPlugin || [];\nwindow.WPLeafletMapPlugin.push(function WPLeafletMarkerShortcode() {\/*<script>*\/\nvar map = window.WPLeafletMapPlugin.getCurrentMap();\nvar group = window.WPLeafletMapPlugin.getCurrentGroup();\nvar marker_options = window.WPLeafletMapPlugin.getIconOptions({\"draggable\":false,\"title\":\"Manoir de la Malartrie\"});\nvar marker = L.marker(\n    [44.82557,1.17477],\n    marker_options\n);\nvar is_image = map.is_image_map;\nif (marker_options.draggable) {\n    marker.on('dragend', function () {\n        var latlng = this.getLatLng();\n        var lat = latlng.lat;\n        var lng = latlng.lng;\n        if (is_image) {\n            console.log('leaflet-marker y=' + lat + ' x=' + lng);\n        } else {\n            console.log('leaflet-marker lat=' + lat + ' lng=' + lng);\n        }\n    });\n}\nmarker.addTo( group );\nmarker.bindPopup(window.WPLeafletMapPlugin.unescape('Manoir de la Malartrie&lt;br \/&gt;&lt;br&gt;24220 VEZAC&lt;br \/&gt;&lt;br&gt;\u260e\ufe0f 05 53 29 03 51&lt;br \/&gt;&lt;br&gt;\ud83d\udcf1 06 18 61 61 18&lt;br \/&gt;&lt;br&gt;\u2709\ufe0f lamalartrie@orange.fr'));window.WPLeafletMapPlugin.markers.push( marker );\n        });<\/script><\/div><\/div><\/p><\/div>\n<style type=\"text\/css\" data-created_by=\"avia_inline_auto\" id=\"style-css-av-7h3u0-b4b4b6fe132889b06aa9bcfa3a5a2925\">\n.flex_column.av-7h3u0-b4b4b6fe132889b06aa9bcfa3a5a2925{\nborder-radius:0px 0px 0px 0px;\npadding:0px 0px 0px 0px;\n}\n<\/style>\n<div  class='flex_column av-7h3u0-b4b4b6fe132889b06aa9bcfa3a5a2925 av_one_half  avia-builder-el-6  el_after_av_one_half  el_before_av_one_third  flex_column_div av-zero-column-padding  '     ><p>\n<style type=\"text\/css\" data-created_by=\"avia_inline_auto\" id=\"style-css-av-6t8ko-97fe404c641aa95d2f21940253e2ce63\">\n#top .av-special-heading.av-6t8ko-97fe404c641aa95d2f21940253e2ce63{\npadding-bottom:30px;\n}\nbody .av-special-heading.av-6t8ko-97fe404c641aa95d2f21940253e2ce63 .av-special-heading-tag .heading-char{\nfont-size:25px;\n}\n.av-special-heading.av-6t8ko-97fe404c641aa95d2f21940253e2ce63 .av-subheading{\nfont-size:15px;\n}\n<\/style>\n<div  class='av-special-heading av-6t8ko-97fe404c641aa95d2f21940253e2ce63 av-special-heading-h4 blockquote modern-quote modern-centered  avia-builder-el-7  el_before_av_contact  avia-builder-el-first '><h4 class='av-special-heading-tag '  itemprop=\"headline\"  >Nous contacter par email<\/h4><div class=\"special-heading-border\"><div class=\"special-heading-inner-border\"><\/div><\/div><\/div><br \/>\n<form action=\"http:\/\/www.chambresdhotes-lamalartrie.com\/en\/contact\/\" method=\"post\" data-fields-with-error=\"Found errors in the following field(s):\" class=\"avia_ajax_form av-form-labels-hidden   avia-builder-el-8  el_after_av_heading  avia-builder-el-last   \" data-avia-form-id=\"1\" data-avia-redirect=''  aria-label='Formulaire de contact' ><fieldset><p class='  first_form  form_element form_fullwidth' id='element_avia_1_1'><label for=\"avia_1_1\">Votre nom <abbr class=\"required\" title=\"required\">*<\/abbr><\/label> <input name=\"avia_1_1\" class=\"text_input is_empty\" type=\"text\" id=\"avia_1_1\" value=\"\"  placeholder='Votre nom*'\/><\/p><p class='  first_form  form_element form_fullwidth' id='element_avia_2_1'><label for=\"avia_2_1\">Votre adresse email <abbr class=\"required\" title=\"required\">*<\/abbr><\/label> <input name=\"avia_2_1\" class=\"text_input is_email\" type=\"text\" id=\"avia_2_1\" value=\"\"  placeholder='Votre adresse email*'\/><\/p><p class='  first_form  form_element form_fullwidth' id='element_avia_3_1'><label for=\"avia_3_1\" class=\"textare_label hidden textare_label_avia_3_1\">Votre message <abbr class=\"required\" title=\"required\">*<\/abbr><\/label><textarea  placeholder='Votre message*' name=\"avia_3_1\" class=\"text_area is_empty\" cols=\"40\" rows=\"7\" id=\"avia_3_1\" ><\/textarea><\/p><p class='  first_form  form_element form_fullwidth' id='element_avia_4_1'><input  name=\"avia_4_1\" class=\"input_checkbox is_empty\" type=\"checkbox\" id=\"avia_4_1\" value=\"true\"\/><label class=\"input_checkbox_label\" for=\"avia_4_1\">J\u2019ai lu et j\u2019accepte la politique de confidentialit\u00e9 de ce site Web <abbr class=\"required\" title=\"required\">*<\/abbr><\/label><\/p><div id='avia_5_1' class='av-form-text'><p>\nEn nous soumettant des informations par le biais de ce formulaire, vous acceptez que vos donn\u00e9es personnelles soient trait\u00e9es conform\u00e9ment \u00e0 notre <a href=\"https:\/\/www.chambresdhotes-lamalartrie.com\/politique-de-confidentialite\/\" target=\"_blank\" rel=\"noopener\">politique de confidentialit\u00e9<\/a>.<\/p>\n<\/div><p class=\"hidden\"><input type=\"text\" name=\"avia_6_1\" class=\"hidden \" id=\"avia_6_1\" value=\"\" \/><\/p><p class=\"form_element \"><input type=\"hidden\" value=\"1\" name=\"avia_generated_form1\" \/><input type=\"submit\" value=\"Envoyer le message\" class=\"button\"  data-sending-label=\"Sending\"\/><\/p><\/fieldset><\/form><div id=\"ajaxresponse_1\" class=\"ajaxresponse ajaxresponse_1 hidden\"><\/div><\/p><\/div><\/p>\n\n<style type=\"text\/css\" data-created_by=\"avia_inline_auto\" id=\"style-css-av-2lmjs-2d9d24fde373acf6ff53186255cd6149\">\n.flex_column.av-2lmjs-2d9d24fde373acf6ff53186255cd6149{\nborder-radius:0px 0px 0px 0px;\npadding:0px 0px 0px 0px;\n}\n<\/style>\n<div  class='flex_column av-2lmjs-2d9d24fde373acf6ff53186255cd6149 av_one_third  avia-builder-el-9  el_after_av_one_half  el_before_av_one_third  first flex_column_div av-zero-column-padding  column-top-margin'     ><\/div>\n\n<style type=\"text\/css\" data-created_by=\"avia_inline_auto\" id=\"style-css-av-27698-137d39f442e93672b297e6fe102b89a0\">\n.flex_column.av-27698-137d39f442e93672b297e6fe102b89a0{\nborder-radius:0px 0px 0px 0px;\npadding:0px 0px 0px 0px;\n}\n<\/style>\n<div  class='flex_column av-27698-137d39f442e93672b297e6fe102b89a0 av_one_third  avia-builder-el-10  el_after_av_one_third  el_before_av_one_third  flex_column_div av-zero-column-padding  column-top-margin'     ><div  class='av-social-sharing-box av-1qkvo-9512914eb451a9ff0224e575ffae50dd av-social-sharing-box-minimal  avia-builder-el-11  avia-builder-el-no-sibling  av-social-sharing-box-fullwidth'><\/div><\/div>\n\n<style type=\"text\/css\" data-created_by=\"avia_inline_auto\" id=\"style-css-av-v15k-cdaff9c65adc68e757e1817e21d4cc67\">\n.flex_column.av-v15k-cdaff9c65adc68e757e1817e21d4cc67{\nborder-radius:0px 0px 0px 0px;\npadding:0px 0px 0px 0px;\n}\n<\/style>\n<div  class='flex_column av-v15k-cdaff9c65adc68e757e1817e21d4cc67 av_one_third  avia-builder-el-12  el_after_av_one_third  avia-builder-el-last  flex_column_div av-zero-column-padding  column-top-margin'     ><\/div>\n","protected":false},"excerpt":{"rendered":"","protected":false},"author":1,"featured_media":147,"parent":0,"menu_order":0,"comment_status":"closed","ping_status":"closed","template":"","meta":{"footnotes":""},"class_list":["post-32","page","type-page","status-publish","has-post-thumbnail","hentry"],"_links":{"self":[{"href":"http:\/\/www.chambresdhotes-lamalartrie.com\/en\/wp-json\/wp\/v2\/pages\/32","targetHints":{"allow":["GET"]}}],"collection":[{"href":"http:\/\/www.chambresdhotes-lamalartrie.com\/en\/wp-json\/wp\/v2\/pages"}],"about":[{"href":"http:\/\/www.chambresdhotes-lamalartrie.com\/en\/wp-json\/wp\/v2\/types\/page"}],"author":[{"embeddable":true,"href":"http:\/\/www.chambresdhotes-lamalartrie.com\/en\/wp-json\/wp\/v2\/users\/1"}],"replies":[{"embeddable":true,"href":"http:\/\/www.chambresdhotes-lamalartrie.com\/en\/wp-json\/wp\/v2\/comments?post=32"}],"version-history":[{"count":31,"href":"http:\/\/www.chambresdhotes-lamalartrie.com\/en\/wp-json\/wp\/v2\/pages\/32\/revisions"}],"predecessor-version":[{"id":720,"href":"http:\/\/www.chambresdhotes-lamalartrie.com\/en\/wp-json\/wp\/v2\/pages\/32\/revisions\/720"}],"wp:featuredmedia":[{"embeddable":true,"href":"http:\/\/www.chambresdhotes-lamalartrie.com\/en\/wp-json\/wp\/v2\/media\/147"}],"wp:attachment":[{"href":"http:\/\/www.chambresdhotes-lamalartrie.com\/en\/wp-json\/wp\/v2\/media?parent=32"}],"curies":[{"name":"wp","href":"https:\/\/api.w.org\/{rel}","templated":true}]}}