{"id":600,"date":"2018-10-27T12:53:22","date_gmt":"2018-10-27T10:53:22","guid":{"rendered":"http:\/\/www.chambresdhotes-lamalartrie.com\/?page_id=600\/"},"modified":"2018-10-28T23:50:42","modified_gmt":"2018-10-28T22:50:42","slug":"declaration-de-confidentialite","status":"publish","type":"page","link":"http:\/\/www.chambresdhotes-lamalartrie.com\/en\/declaration-de-confidentialite\/","title":{"rendered":"G\u00e9rer vos donn\u00e9es personnelles"},"content":{"rendered":"<div id='av_section_1'  class='avia-section av-av_section-e20ec1361547d950b6e2569930d6aa41 main_color avia-section-default avia-no-shadow  avia-builder-el-0  avia-builder-el-no-sibling  avia-bg-style-scroll container_wrap fullsize'  ><div class='container av-section-cont-open' ><main  role=\"main\" itemprop=\"mainContentOfPage\"  class='template-page content  av-content-full alpha units'><div class='post-entry post-entry-type-page post-entry-600'><div class='entry-content-wrapper clearfix'>\n\n<style type=\"text\/css\" data-created_by=\"avia_inline_auto\" id=\"style-css-av-av_heading-cb64b82d9277517782e0bebba32f5aaf\">\n#top .av-special-heading.av-av_heading-cb64b82d9277517782e0bebba32f5aaf{\npadding-bottom:10px;\n}\nbody .av-special-heading.av-av_heading-cb64b82d9277517782e0bebba32f5aaf .av-special-heading-tag .heading-char{\nfont-size:25px;\n}\n.av-special-heading.av-av_heading-cb64b82d9277517782e0bebba32f5aaf .av-subheading{\nfont-size:15px;\n}\n<\/style>\n<div  class='av-special-heading av-av_heading-cb64b82d9277517782e0bebba32f5aaf av-special-heading-h2 blockquote modern-quote modern-centered  avia-builder-el-1  el_before_av_textblock  avia-builder-el-first '><h2 class='av-special-heading-tag '  itemprop=\"headline\"  >Gestion de vos donn\u00e9es personnelles<\/h2><div class=\"special-heading-border\"><div class=\"special-heading-inner-border\"><\/div><\/div><\/div>\n<section  class='av_textblock_section av-av_textblock-2bd894dbf2e4bf2c4acf98ce4fbf94aa '   itemscope=\"itemscope\" itemtype=\"https:\/\/schema.org\/CreativeWork\" ><div class='avia_textblock'  itemprop=\"text\" ><p>\u00c0 l&rsquo;aide du formulaire ci-dessous, vous pouvez demander demander l&rsquo;acc\u00e8s ou la suppression de vos donn\u00e9es personnelles, stock\u00e9es sur votre site web.<\/p>\n<p>[ultimate_gdpr_myaccount]<\/p>\n<\/div><\/section>\n\n","protected":false},"excerpt":{"rendered":"","protected":false},"author":1,"featured_media":0,"parent":0,"menu_order":0,"comment_status":"closed","ping_status":"closed","template":"","meta":{"footnotes":""},"class_list":["post-600","page","type-page","status-publish","hentry"],"_links":{"self":[{"href":"http:\/\/www.chambresdhotes-lamalartrie.com\/en\/wp-json\/wp\/v2\/pages\/600","targetHints":{"allow":["GET"]}}],"collection":[{"href":"http:\/\/www.chambresdhotes-lamalartrie.com\/en\/wp-json\/wp\/v2\/pages"}],"about":[{"href":"http:\/\/www.chambresdhotes-lamalartrie.com\/en\/wp-json\/wp\/v2\/types\/page"}],"author":[{"embeddable":true,"href":"http:\/\/www.chambresdhotes-lamalartrie.com\/en\/wp-json\/wp\/v2\/users\/1"}],"replies":[{"embeddable":true,"href":"http:\/\/www.chambresdhotes-lamalartrie.com\/en\/wp-json\/wp\/v2\/comments?post=600"}],"version-history":[{"count":5,"href":"http:\/\/www.chambresdhotes-lamalartrie.com\/en\/wp-json\/wp\/v2\/pages\/600\/revisions"}],"predecessor-version":[{"id":675,"href":"http:\/\/www.chambresdhotes-lamalartrie.com\/en\/wp-json\/wp\/v2\/pages\/600\/revisions\/675"}],"wp:attachment":[{"href":"http:\/\/www.chambresdhotes-lamalartrie.com\/en\/wp-json\/wp\/v2\/media?parent=600"}],"curies":[{"name":"wp","href":"https:\/\/api.w.org\/{rel}","templated":true}]}}