{"id":605,"date":"2018-10-28T14:23:38","date_gmt":"2018-10-28T13:23:38","guid":{"rendered":"http:\/\/www.chambresdhotes-lamalartrie.com\/mentions-legales-copy\/"},"modified":"2018-10-28T23:32:11","modified_gmt":"2018-10-28T22:32:11","slug":"politique-de-cookies","status":"publish","type":"page","link":"https:\/\/www.chambresdhotes-lamalartrie.com\/en\/politique-de-cookies\/","title":{"rendered":"Cookie policy"},"content":{"rendered":"\n<style type=\"text\/css\" data-created_by=\"avia_inline_auto\" id=\"style-css-av-av_heading-9a2fd6f5bb2c75a872b4c9f20fe182e8\">\n#top .av-special-heading.av-av_heading-9a2fd6f5bb2c75a872b4c9f20fe182e8{\npadding-bottom:10px;\n}\nbody .av-special-heading.av-av_heading-9a2fd6f5bb2c75a872b4c9f20fe182e8 .av-special-heading-tag .heading-char{\nfont-size:25px;\n}\n.av-special-heading.av-av_heading-9a2fd6f5bb2c75a872b4c9f20fe182e8 .av-subheading{\nfont-size:15px;\n}\n<\/style>\n<div  class='av-special-heading av-av_heading-9a2fd6f5bb2c75a872b4c9f20fe182e8 av-special-heading-h2 blockquote modern-quote modern-centered  avia-builder-el-0  el_before_av_one_full  avia-builder-el-first '><h2 class='av-special-heading-tag '  itemprop=\"headline\"  >Politique des cookies<\/h2><div class=\"special-heading-border\"><div class=\"special-heading-inner-border\"><\/div><\/div><\/div>\n\n<style type=\"text\/css\" data-created_by=\"avia_inline_auto\" id=\"style-css-av-av_one_full-15d750bd1b332b34c6e70b077ebbccdf\">\n.flex_column.av-av_one_full-15d750bd1b332b34c6e70b077ebbccdf{\nborder-radius:0px 0px 0px 0px;\npadding:0px 0px 0px 0px;\n}\n<\/style>\n<div  class='flex_column av-av_one_full-15d750bd1b332b34c6e70b077ebbccdf av_one_full  avia-builder-el-1  el_after_av_heading  avia-builder-el-last  first flex_column_div av-zero-column-padding  '     ><section  class='av_textblock_section av-av_textblock-2bd894dbf2e4bf2c4acf98ce4fbf94aa '   itemscope=\"itemscope\" itemtype=\"https:\/\/schema.org\/CreativeWork\" ><div class='avia_textblock'  itemprop=\"text\" ><p>Lors de la consultation de notre site des cookies sont d\u00e9pos\u00e9s sur votre ordinateur.<\/p>\n<h3>QU\u2019EST-CE QU\u2019UN COOKIE ?<\/h3>\n<p>Les cookies sont des petits fichiers texte (ou t\u00e9moins de connexion) stock\u00e9s dans la m\u00e9moire de votre ordinateur via votre navigateur lors de votre visite sur un site internet. Les cookies sont utilis\u00e9s par le site internet visit\u00e9 pour envoyer des informations \u00e0 votre navigateur et permettre \u00e0 ce navigateur de renvoyer des informations au site internet visit\u00e9.<\/p>\n<p>Les cookies permettent de conserver, pendant la dur\u00e9e de validit\u00e9 du cookie concern\u00e9, des informations d\u2019\u00e9tat (par exemple, votre langue par d\u00e9faut ou les param\u00e8tres du site) lorsque votre navigateur acc\u00e8de aux diff\u00e9rentes pages de notre site internet ou lorsque votre navigateur retourne ult\u00e9rieurement sur notre site internet.<\/p>\n<p>Seul l\u2019\u00e9metteur d\u2019un cookie peut lire ou modifier les informations qui y sont contenues.<\/p>\n<h3>QUELS COOKIES UTILISONS-NOUS ?<\/h3>\n<p>Les cookies que nous utilisons sur notre site n\u2019ont pas pour objectif de conna\u00eetre vos habitudes ni de personnaliser la pr\u00e9sentation de notre site en fonction de votre parcours de navigation.<\/p>\n<p>Nous utilisons des Cookies fonctionnels requis \u00e0 des fins techniques, sans lesquels notre site internet ne pourrait pas fonctionner correctement Voici une description d\u00e9taill\u00e9e des cookies que nous utilisons :<\/p>\n<p>[render_cookies_list]<\/p>\n<h3>SOUS R\u00c9SERVE DE VOTRE CONSENTEMENT<\/h3>\n<p>Nous n\u2019utilisons des cookies optionnels que si nous avons obtenu votre consentement pr\u00e9alable. Lors de votre premi\u00e8re visite sur notre site internet, une banni\u00e8re appara\u00eetra, vous demandant de nous donner votre consentement au d\u00e9p\u00f4t de cookies facultatifs. Si vous nous donnez votre consentement, nous d\u00e9poserons un cookie sur votre ordinateur et la banni\u00e8re n\u2019appara\u00eetra plus \u00e0 nouveau tant que le cookie est actif. Apr\u00e8s l\u2019expiration de la dur\u00e9e de vie du cookie, ou si vous supprimez volontairement le cookie, la banni\u00e8re r\u00e9appara\u00eetra lors de votre prochaine visite sur notre site internet et nous vous demanderons de nouveau votre consentement.<\/p>\n<h3>COMMENT EMP\u00caCHER L\u2019UTILISATION DES COOKIES ?<\/h3>\n<p>Vous pouvez utiliser notre site Internet sans que des cookies soient d\u00e9pos\u00e9s.<\/p>\n<p>Pour les cookies optionnels, vous pouvez \u00e0 tout moment vous opposer \u00e0 leur d\u00e9p\u00f4t en utilisant l\u2019option de refus correspondante depuis le lien ci-dessous.<\/p>\n<p>[ultimate_gdpr_cookie_popup]Modifier vos param\u00e8tres de coockies [\/ultimate_gdpr_cookie_popup]<\/p>\n<p>Sinon, vous pouvez \u00e0 tout moment configurer ou d\u00e9sactiver compl\u00e8tement l\u2019utilisation de cookies en modifiant les param\u00e8tres de votre navigateur. Dans ce cas, cela pourra entra\u00eener une restriction des fonctions ou avoir des effets n\u00e9fastes sur la convivialit\u00e9 de notre site internet.<\/p>\n<p>Vous disposez pour cela de plusieurs options en fonction de la configuration de votre navigateur :<\/p>\n<p><strong>pour Mozilla Firefox<\/strong><\/p>\n<p>Choisissez le menu \u00ab outil \u00bb puis \u00ab Options \u00bb,<br \/>\nCliquez sur l\u2019ic\u00f4ne \u00ab vie priv\u00e9e \u00bb,<br \/>\nRep\u00e9rer le menu \u00ab cookie \u00bb et s\u00e9lectionnez les options qui vous concernent.<\/p>\n<p><strong>pour Internet Explorer<\/strong><\/p>\n<p>Choisissez le menu \u00ab Outils \u00bb (ou \u00ab Tools \u00bb), puis \u00ab Options internet \u00bb (ou \u00ab Internet Options \u00bb),<br \/>\nCliquez sur l\u2019onglet \u00ab Confidentialit\u00e9 \u00bb (ou \u00ab Confidentiality \u00bb),<br \/>\nS\u00e9lectionnez le niveau souhait\u00e9 \u00e0 l\u2019aide du curseur,<br \/>\nUtilisation des cookies.<\/p>\n<p><strong>pour Chrome<\/strong><\/p>\n<p>Cliquez sur l\u2019ic\u00f4ne du menu Chrome,<br \/>\nChoisissez dans le menu \u00ab Param\u00e8tres \u00bb,<br \/>\nCliquez sur \u00ab Afficher les param\u00e8tres avanc\u00e9s \u00bb puis dans la section \u00ab Confidentialit\u00e9 \u00bb, cliquez sur \u00ab param\u00e8tres de contenu \u00bb,<br \/>\nS\u00e9lectionnez \u00ab Interdire \u00e0 tous les sites de stocker des donn\u00e9es \u00bb,<br \/>\nPuis \u00ab OK \u00bb pour enregistrer.<\/p>\n<p><strong>pour Safari<\/strong><\/p>\n<p>Choisissez Safari &gt; Pr\u00e9f\u00e9rences puis cliquez sur S\u00e9curit\u00e9,<br \/>\nCliquez sur Afficher les cookies puis choisissez les options souhait\u00e9es.<\/p>\n<\/div><\/section><\/div>\n","protected":false},"excerpt":{"rendered":"","protected":false},"author":1,"featured_media":0,"parent":0,"menu_order":0,"comment_status":"closed","ping_status":"closed","template":"","meta":{"footnotes":""},"class_list":["post-605","page","type-page","status-publish","hentry"],"_links":{"self":[{"href":"https:\/\/www.chambresdhotes-lamalartrie.com\/en\/wp-json\/wp\/v2\/pages\/605","targetHints":{"allow":["GET"]}}],"collection":[{"href":"https:\/\/www.chambresdhotes-lamalartrie.com\/en\/wp-json\/wp\/v2\/pages"}],"about":[{"href":"https:\/\/www.chambresdhotes-lamalartrie.com\/en\/wp-json\/wp\/v2\/types\/page"}],"author":[{"embeddable":true,"href":"https:\/\/www.chambresdhotes-lamalartrie.com\/en\/wp-json\/wp\/v2\/users\/1"}],"replies":[{"embeddable":true,"href":"https:\/\/www.chambresdhotes-lamalartrie.com\/en\/wp-json\/wp\/v2\/comments?post=605"}],"version-history":[{"count":7,"href":"https:\/\/www.chambresdhotes-lamalartrie.com\/en\/wp-json\/wp\/v2\/pages\/605\/revisions"}],"predecessor-version":[{"id":688,"href":"https:\/\/www.chambresdhotes-lamalartrie.com\/en\/wp-json\/wp\/v2\/pages\/605\/revisions\/688"}],"wp:attachment":[{"href":"https:\/\/www.chambresdhotes-lamalartrie.com\/en\/wp-json\/wp\/v2\/media?parent=605"}],"curies":[{"name":"wp","href":"https:\/\/api.w.org\/{rel}","templated":true}]}}